{"id":202,"date":"2017-09-23T08:13:36","date_gmt":"2017-09-23T08:13:36","guid":{"rendered":"http:\/\/klasse-mappe.de\/?page_id=202"},"modified":"2021-06-08T07:56:56","modified_gmt":"2021-06-08T07:56:56","slug":"home","status":"publish","type":"page","link":"http:\/\/klasse-mappe.de\/en\/","title":{"rendered":"Course with the professor!"},"content":{"rendered":"<div class=\"row\"> <div class=\"col-md-4\">\n<h2>Video<\/h2>\n<\/div><div class=\"col-md-8\">\n<div style=\"padding: 56.25% 0 0 0; position: relative;\"><iframe style=\"position: absolute; top: 0; left: 0; width: 100%; height: 100%;\" src=\"https:\/\/player.vimeo.com\/video\/21316773?title=0\" frameborder=\"0\" allowfullscreen=\"allowfullscreen\"><\/iframe><\/div>\n<p><script src=\"https:\/\/player.vimeo.com\/api\/player.js\"><\/script><\/p>\n<\/div><\/div>\n<hr \/>\n<div class=\"row\"> <div class=\"col-md-4\">\n<h2>Crash\/Holiday course<\/h2>\n<\/div><div class=\"col-md-8\">\n<div class=\"section\">\n<div class=\"rightaside\">\n<p>Register now! <a href=\"http:\/\/klasse-mappe.de\/en\/courses\/\">Crash\/Holiday course<\/a><\/p>\n<p>During the holidays, there are different dates for crash course! The dates are available by phone or please send us e-mail <a href=\"http:\/\/klasse-mappe.de\/en\/contact\/\">Contact<\/a><\/p>\n<\/div>\n<\/div>\n<\/div><\/div>\n<hr \/>\n<div class=\"row\"> <div class=\"col-md-4\">\n<h2>Portfolio admitted 2017\/18<\/h2>\n<\/div><div class=\"col-md-8\">\n<ul>\n<li class=\"\">Universit\u00e4t der K\u00fcnste Berlin: Bildhauerei, Malerei, Lehramt Bildende Kunst,\u00a0Kost\u00fcm Bild, Visuelle Kommunikation, Produkt Design<\/li>\n<li class=\"\">Kunsthochschule Wei\u00dfensee, Berlin: Bildhauerei, Malerei, Visuelle Kommunikation, Produkt-Design, B\u00fchnen- und Kost\u00fcmbild<\/li>\n<li class=\"\">Hochschule f\u00fcr Technik und Wirtschaft, Berlin: Industrial Design<\/li>\n<li class=\"\">Fachhochschule Potsdam: Kommunikationsdesign, Produktdesign<\/li>\n<li class=\"\">Bauhaus Universit\u00e4t Weimar: Produkt-Design<\/li>\n<li class=\"\">Muthesius Kunsthochschule Kiel: Visuelle Kommunikation, Industrial Design<\/li>\n<li class=\"\">Burg Giebichenstein Halle:\u00a0Zeitbasierte Medien, Lehramt Bildende Kunst, Industriedesign<\/li>\n<li class=\"\">Hochschule f\u00fcr Grafik und Buchkunst Leipzig: Medienkunst<\/li>\n<li class=\"\">Hochschule f\u00fcr Bildende K\u00fcnste Braunschweig: Freie Kunst<\/li>\n<\/ul>\n<p><a title=\"Alle Zulassungen ansehen\" href=\"http:\/\/klasse-mappe.de\/en\/succes\/\">Show all the results<\/a><\/p>\n<\/div><\/div>\n<hr \/>\n<p>&nbsp;<\/p>\n<p style=\"text-align: center;\"><div class=\"row\"> <div class=\"col-md-3\">\n<p style=\"text-align: center;\"><i class=\"icon-pencil\" style=\"font-size:60px; color:#fff;\"><\/i>\n<p style=\"text-align: center;\"><a href=\"http:\/\/klasse-mappe.de\/en\/courses\/\" class=\"btn button btn-shortcode kad-btn kad-btn-primary\" id=\"kadbtn771\" target=\"_self\" style=\"color:#FFF;\">All courses<\/a>\n<p>&nbsp;<\/p>\n<p style=\"text-align: center;\"><\/div><div class=\"col-md-3\">\n<p style=\"text-align: center;\"><i class=\"icon-camera\" style=\"font-size:60px; color:#fff;\"><\/i>\n<p style=\"text-align: center;\"><a href=\"http:\/\/klasse-mappe.de\/en\/insight\/\" class=\"btn button btn-shortcode kad-btn kad-btn-primary\" id=\"kadbtn862\" target=\"_self\" style=\"color:#FFF;\">Video &amp; Photos<\/a>\n<p>&nbsp;<\/p>\n<p style=\"text-align: center;\"><\/div><div class=\"col-md-3\">\n<p style=\"text-align: center;\"><i class=\"icon-user\" style=\"font-size:60px; color:#fff;\"><\/i>\n<p style=\"text-align: center;\"><a href=\"http:\/\/klasse-mappe.de\/en\/about-us\/\" class=\"btn button btn-shortcode kad-btn kad-btn-primary\" id=\"kadbtn648\" target=\"_self\" style=\"color:#FFF;\">Who is the coach?<\/a>\n<p>&nbsp;<\/p>\n<p style=\"text-align: center;\"><\/div><div class=\"col-md-3\">\n<p style=\"text-align: center;\"><i class=\"icon-map-marker\" style=\"font-size:60px; color:#fff;\"><\/i>\n<p style=\"text-align: center;\"><a href=\"http:\/\/klasse-mappe.de\/en\/contact\/\" class=\"btn button btn-shortcode kad-btn kad-btn-primary\" id=\"kadbtn304\" target=\"_self\" style=\"color:#FFF;\">We are in Berlin<\/a>\n<p>&nbsp;<\/p>\n<p style=\"text-align: center;\"><\/div><\/div>\n<p>&nbsp;<\/p>\n","protected":false},"excerpt":{"rendered":"<p>&nbsp; &nbsp;<\/p>\n","protected":false},"author":1,"featured_media":0,"parent":0,"menu_order":1,"comment_status":"closed","ping_status":"closed","template":"page-fullwidth.php","meta":{"footnotes":""},"class_list":["post-202","page","type-page","status-publish","hentry"],"yoast_head":"<!-- This site is optimized with the Yoast SEO plugin v27.6 - https:\/\/yoast.com\/product\/yoast-seo-wordpress\/ -->\n<title>Course with the professor! - klasse mappe \u2013 Mappenkurs \u2022 Mappengestaltung \u2022 Berlin \u2022 Charlottenburg \u2022 Coaching \u2022 Bewerbung \u2022 Design \u2022 Kunst \u2022 Architektur \u2022 Atelier \u2022 Kommunikationsdesign \u2022 Produktdesign \u2022 Fotodesign \u2022 Modedesign \u2022 Motiondesign \u2022 Gamedesign \u2022 Interior Design, Innenarchitektur \u2022 Productiondesign, Szenografie (Ausstattung f\u00fcr Film und Theater) \u2022 Kost\u00fcmbild \u2022 Malerei, Bildhauerei, Installation, Performance \u2022 Fotografie, Video \u2022 Kunst als Lehrfach \u2022 Textiles Gestalten \u2022 Glaskunst<\/title>\n<meta name=\"robots\" content=\"index, follow, max-snippet:-1, max-image-preview:large, max-video-preview:-1\" \/>\n<link rel=\"canonical\" href=\"http:\/\/klasse-mappe.de\/en\/\" \/>\n<meta property=\"og:locale\" content=\"en_US\" \/>\n<meta property=\"og:type\" content=\"article\" \/>\n<meta property=\"og:title\" content=\"Course with the professor! - klasse mappe \u2013 Mappenkurs \u2022 Mappengestaltung \u2022 Berlin \u2022 Charlottenburg \u2022 Coaching \u2022 Bewerbung \u2022 Design \u2022 Kunst \u2022 Architektur \u2022 Atelier \u2022 Kommunikationsdesign \u2022 Produktdesign \u2022 Fotodesign \u2022 Modedesign \u2022 Motiondesign \u2022 Gamedesign \u2022 Interior Design, Innenarchitektur \u2022 Productiondesign, Szenografie (Ausstattung f\u00fcr Film und Theater) \u2022 Kost\u00fcmbild \u2022 Malerei, Bildhauerei, Installation, Performance \u2022 Fotografie, Video \u2022 Kunst als Lehrfach \u2022 Textiles Gestalten \u2022 Glaskunst\" \/>\n<meta property=\"og:description\" content=\"&nbsp; &nbsp;\" \/>\n<meta property=\"og:url\" content=\"http:\/\/klasse-mappe.de\/en\/\" \/>\n<meta property=\"og:site_name\" content=\"klasse mappe \u2013 Mappenkurs \u2022 Mappengestaltung \u2022 Berlin \u2022 Charlottenburg \u2022 Coaching \u2022 Bewerbung \u2022 Design \u2022 Kunst \u2022 Architektur \u2022 Atelier \u2022 Kommunikationsdesign \u2022 Produktdesign \u2022 Fotodesign \u2022 Modedesign \u2022 Motiondesign \u2022 Gamedesign \u2022 Interior Design, Innenarchitektur \u2022 Productiondesign, Szenografie (Ausstattung f\u00fcr Film und Theater) \u2022 Kost\u00fcmbild \u2022 Malerei, Bildhauerei, Installation, Performance \u2022 Fotografie, Video \u2022 Kunst als Lehrfach \u2022 Textiles Gestalten \u2022 Glaskunst\" \/>\n<meta property=\"article:publisher\" content=\"https:\/\/www.facebook.com\/klasse.mappe\" \/>\n<meta property=\"article:modified_time\" content=\"2021-06-08T07:56:56+00:00\" \/>\n<meta name=\"twitter:card\" content=\"summary_large_image\" \/>\n<meta name=\"twitter:label1\" content=\"Est. reading time\" \/>\n\t<meta name=\"twitter:data1\" content=\"1 minute\" \/>\n<script type=\"application\/ld+json\" class=\"yoast-schema-graph\">{\"@context\":\"https:\\\/\\\/schema.org\",\"@graph\":[{\"@type\":\"WebPage\",\"@id\":\"http:\\\/\\\/klasse-mappe.de\\\/en\\\/\",\"url\":\"http:\\\/\\\/klasse-mappe.de\\\/en\\\/\",\"name\":\"Course with the professor! - klasse mappe \u2013 Mappenkurs \u2022 Mappengestaltung \u2022 Berlin \u2022 Charlottenburg \u2022 Coaching \u2022 Bewerbung \u2022 Design \u2022 Kunst \u2022 Architektur \u2022 Atelier \u2022 Kommunikationsdesign \u2022 Produktdesign \u2022 Fotodesign \u2022 Modedesign \u2022 Motiondesign \u2022 Gamedesign \u2022 Interior Design, Innenarchitektur \u2022 Productiondesign, Szenografie (Ausstattung f\u00fcr Film und Theater) \u2022 Kost\u00fcmbild \u2022 Malerei, Bildhauerei, Installation, Performance \u2022 Fotografie, Video \u2022 Kunst als Lehrfach \u2022 Textiles Gestalten \u2022 Glaskunst\",\"isPartOf\":{\"@id\":\"https:\\\/\\\/klasse-mappe.de\\\/en\\\/#website\"},\"datePublished\":\"2017-09-23T08:13:36+00:00\",\"dateModified\":\"2021-06-08T07:56:56+00:00\",\"breadcrumb\":{\"@id\":\"http:\\\/\\\/klasse-mappe.de\\\/en\\\/#breadcrumb\"},\"inLanguage\":\"en-US\",\"potentialAction\":[{\"@type\":\"ReadAction\",\"target\":[\"http:\\\/\\\/klasse-mappe.de\\\/en\\\/\"]}]},{\"@type\":\"BreadcrumbList\",\"@id\":\"http:\\\/\\\/klasse-mappe.de\\\/en\\\/#breadcrumb\",\"itemListElement\":[{\"@type\":\"ListItem\",\"position\":1,\"name\":\"Startseite\",\"item\":\"https:\\\/\\\/klasse-mappe.de\\\/en\\\/\"},{\"@type\":\"ListItem\",\"position\":2,\"name\":\"Course with the professor!\"}]},{\"@type\":\"WebSite\",\"@id\":\"https:\\\/\\\/klasse-mappe.de\\\/en\\\/#website\",\"url\":\"https:\\\/\\\/klasse-mappe.de\\\/en\\\/\",\"name\":\"klasse mappe \u2013 Mappenkurs \u2022 Mappengestaltung \u2022 Berlin \u2022 Charlottenburg \u2022 Coaching \u2022 Bewerbung \u2022 Design \u2022 Kunst \u2022 Architektur \u2022 Atelier \u2022 Kommunikationsdesign \u2022 Produktdesign \u2022 Fotodesign \u2022 Modedesign \u2022 Motiondesign \u2022 Gamedesign \u2022 Interior Design, Innenarchitektur \u2022 Productiondesign, Szenografie (Ausstattung f\u00fcr Film und Theater) \u2022 Kost\u00fcmbild \u2022 Malerei, Bildhauerei, Installation, Performance \u2022 Fotografie, Video \u2022 Kunst als Lehrfach \u2022 Textiles Gestalten \u2022 Glaskunst\",\"description\":\"Mappenkurs beim Prof. \u2022 Mappenkurs \u2022 Mappengestaltung \u2022 Mappenvorbereitung \u2022 Berlin \u2022 Charlottenburg \u2022 Coaching \u2022 Bewerbung \u2022 Design \u2022 Kunst \u2022 Architektur \u2022 Atelier \u2022 Kommunikationsdesign \u2022 Produktdesign \u2022 Fotodesign \u2022 Modedesign \u2022 Motiondesign \u2022 Gamedesign \u2022 Interior Design, Innenarchitektur \u2022 Productiondesign, Szenografie (Ausstattung f\u00fcr Film und Theater) \u2022 Kost\u00fcmbild \u2022 Malerei, Bildhauerei, Installation, Performance \u2022 Fotografie, Video \u2022 Kunst als Lehrfach \u2022 Textiles Gestalten \u2022 Glaskunst\",\"publisher\":{\"@id\":\"https:\\\/\\\/klasse-mappe.de\\\/en\\\/#organization\"},\"potentialAction\":[{\"@type\":\"SearchAction\",\"target\":{\"@type\":\"EntryPoint\",\"urlTemplate\":\"https:\\\/\\\/klasse-mappe.de\\\/en\\\/?s={search_term_string}\"},\"query-input\":{\"@type\":\"PropertyValueSpecification\",\"valueRequired\":true,\"valueName\":\"search_term_string\"}}],\"inLanguage\":\"en-US\"},{\"@type\":\"Organization\",\"@id\":\"https:\\\/\\\/klasse-mappe.de\\\/en\\\/#organization\",\"name\":\"klasse mappe\",\"url\":\"https:\\\/\\\/klasse-mappe.de\\\/en\\\/\",\"logo\":{\"@type\":\"ImageObject\",\"inLanguage\":\"en-US\",\"@id\":\"https:\\\/\\\/klasse-mappe.de\\\/en\\\/#\\\/schema\\\/logo\\\/image\\\/\",\"url\":\"https:\\\/\\\/klasse-mappe.de\\\/wp-content\\\/uploads\\\/2017\\\/09\\\/klasse-mappe_logo.png\",\"contentUrl\":\"https:\\\/\\\/klasse-mappe.de\\\/wp-content\\\/uploads\\\/2017\\\/09\\\/klasse-mappe_logo.png\",\"width\":300,\"height\":228,\"caption\":\"klasse mappe\"},\"image\":{\"@id\":\"https:\\\/\\\/klasse-mappe.de\\\/en\\\/#\\\/schema\\\/logo\\\/image\\\/\"},\"sameAs\":[\"https:\\\/\\\/www.facebook.com\\\/klasse.mappe\"]}]}<\/script>\n<!-- \/ Yoast SEO plugin. -->","yoast_head_json":{"title":"Course with the professor! - klasse mappe \u2013 Mappenkurs \u2022 Mappengestaltung \u2022 Berlin \u2022 Charlottenburg \u2022 Coaching \u2022 Bewerbung \u2022 Design \u2022 Kunst \u2022 Architektur \u2022 Atelier \u2022 Kommunikationsdesign \u2022 Produktdesign \u2022 Fotodesign \u2022 Modedesign \u2022 Motiondesign \u2022 Gamedesign \u2022 Interior Design, Innenarchitektur \u2022 Productiondesign, Szenografie (Ausstattung f\u00fcr Film und Theater) \u2022 Kost\u00fcmbild \u2022 Malerei, Bildhauerei, Installation, Performance \u2022 Fotografie, Video \u2022 Kunst als Lehrfach \u2022 Textiles Gestalten \u2022 Glaskunst","robots":{"index":"index","follow":"follow","max-snippet":"max-snippet:-1","max-image-preview":"max-image-preview:large","max-video-preview":"max-video-preview:-1"},"canonical":"http:\/\/klasse-mappe.de\/en\/","og_locale":"en_US","og_type":"article","og_title":"Course with the professor! - klasse mappe \u2013 Mappenkurs \u2022 Mappengestaltung \u2022 Berlin \u2022 Charlottenburg \u2022 Coaching \u2022 Bewerbung \u2022 Design \u2022 Kunst \u2022 Architektur \u2022 Atelier \u2022 Kommunikationsdesign \u2022 Produktdesign \u2022 Fotodesign \u2022 Modedesign \u2022 Motiondesign \u2022 Gamedesign \u2022 Interior Design, Innenarchitektur \u2022 Productiondesign, Szenografie (Ausstattung f\u00fcr Film und Theater) \u2022 Kost\u00fcmbild \u2022 Malerei, Bildhauerei, Installation, Performance \u2022 Fotografie, Video \u2022 Kunst als Lehrfach \u2022 Textiles Gestalten \u2022 Glaskunst","og_description":"&nbsp; &nbsp;","og_url":"http:\/\/klasse-mappe.de\/en\/","og_site_name":"klasse mappe \u2013 Mappenkurs \u2022 Mappengestaltung \u2022 Berlin \u2022 Charlottenburg \u2022 Coaching \u2022 Bewerbung \u2022 Design \u2022 Kunst \u2022 Architektur \u2022 Atelier \u2022 Kommunikationsdesign \u2022 Produktdesign \u2022 Fotodesign \u2022 Modedesign \u2022 Motiondesign \u2022 Gamedesign \u2022 Interior Design, Innenarchitektur \u2022 Productiondesign, Szenografie (Ausstattung f\u00fcr Film und Theater) \u2022 Kost\u00fcmbild \u2022 Malerei, Bildhauerei, Installation, Performance \u2022 Fotografie, Video \u2022 Kunst als Lehrfach \u2022 Textiles Gestalten \u2022 Glaskunst","article_publisher":"https:\/\/www.facebook.com\/klasse.mappe","article_modified_time":"2021-06-08T07:56:56+00:00","twitter_card":"summary_large_image","twitter_misc":{"Est. reading time":"1 minute"},"schema":{"@context":"https:\/\/schema.org","@graph":[{"@type":"WebPage","@id":"http:\/\/klasse-mappe.de\/en\/","url":"http:\/\/klasse-mappe.de\/en\/","name":"Course with the professor! - klasse mappe \u2013 Mappenkurs \u2022 Mappengestaltung \u2022 Berlin \u2022 Charlottenburg \u2022 Coaching \u2022 Bewerbung \u2022 Design \u2022 Kunst \u2022 Architektur \u2022 Atelier \u2022 Kommunikationsdesign \u2022 Produktdesign \u2022 Fotodesign \u2022 Modedesign \u2022 Motiondesign \u2022 Gamedesign \u2022 Interior Design, Innenarchitektur \u2022 Productiondesign, Szenografie (Ausstattung f\u00fcr Film und Theater) \u2022 Kost\u00fcmbild \u2022 Malerei, Bildhauerei, Installation, Performance \u2022 Fotografie, Video \u2022 Kunst als Lehrfach \u2022 Textiles Gestalten \u2022 Glaskunst","isPartOf":{"@id":"https:\/\/klasse-mappe.de\/en\/#website"},"datePublished":"2017-09-23T08:13:36+00:00","dateModified":"2021-06-08T07:56:56+00:00","breadcrumb":{"@id":"http:\/\/klasse-mappe.de\/en\/#breadcrumb"},"inLanguage":"en-US","potentialAction":[{"@type":"ReadAction","target":["http:\/\/klasse-mappe.de\/en\/"]}]},{"@type":"BreadcrumbList","@id":"http:\/\/klasse-mappe.de\/en\/#breadcrumb","itemListElement":[{"@type":"ListItem","position":1,"name":"Startseite","item":"https:\/\/klasse-mappe.de\/en\/"},{"@type":"ListItem","position":2,"name":"Course with the professor!"}]},{"@type":"WebSite","@id":"https:\/\/klasse-mappe.de\/en\/#website","url":"https:\/\/klasse-mappe.de\/en\/","name":"klasse mappe \u2013 Mappenkurs \u2022 Mappengestaltung \u2022 Berlin \u2022 Charlottenburg \u2022 Coaching \u2022 Bewerbung \u2022 Design \u2022 Kunst \u2022 Architektur \u2022 Atelier \u2022 Kommunikationsdesign \u2022 Produktdesign \u2022 Fotodesign \u2022 Modedesign \u2022 Motiondesign \u2022 Gamedesign \u2022 Interior Design, Innenarchitektur \u2022 Productiondesign, Szenografie (Ausstattung f\u00fcr Film und Theater) \u2022 Kost\u00fcmbild \u2022 Malerei, Bildhauerei, Installation, Performance \u2022 Fotografie, Video \u2022 Kunst als Lehrfach \u2022 Textiles Gestalten \u2022 Glaskunst","description":"Mappenkurs beim Prof. \u2022 Mappenkurs \u2022 Mappengestaltung \u2022 Mappenvorbereitung \u2022 Berlin \u2022 Charlottenburg \u2022 Coaching \u2022 Bewerbung \u2022 Design \u2022 Kunst \u2022 Architektur \u2022 Atelier \u2022 Kommunikationsdesign \u2022 Produktdesign \u2022 Fotodesign \u2022 Modedesign \u2022 Motiondesign \u2022 Gamedesign \u2022 Interior Design, Innenarchitektur \u2022 Productiondesign, Szenografie (Ausstattung f\u00fcr Film und Theater) \u2022 Kost\u00fcmbild \u2022 Malerei, Bildhauerei, Installation, Performance \u2022 Fotografie, Video \u2022 Kunst als Lehrfach \u2022 Textiles Gestalten \u2022 Glaskunst","publisher":{"@id":"https:\/\/klasse-mappe.de\/en\/#organization"},"potentialAction":[{"@type":"SearchAction","target":{"@type":"EntryPoint","urlTemplate":"https:\/\/klasse-mappe.de\/en\/?s={search_term_string}"},"query-input":{"@type":"PropertyValueSpecification","valueRequired":true,"valueName":"search_term_string"}}],"inLanguage":"en-US"},{"@type":"Organization","@id":"https:\/\/klasse-mappe.de\/en\/#organization","name":"klasse mappe","url":"https:\/\/klasse-mappe.de\/en\/","logo":{"@type":"ImageObject","inLanguage":"en-US","@id":"https:\/\/klasse-mappe.de\/en\/#\/schema\/logo\/image\/","url":"https:\/\/klasse-mappe.de\/wp-content\/uploads\/2017\/09\/klasse-mappe_logo.png","contentUrl":"https:\/\/klasse-mappe.de\/wp-content\/uploads\/2017\/09\/klasse-mappe_logo.png","width":300,"height":228,"caption":"klasse mappe"},"image":{"@id":"https:\/\/klasse-mappe.de\/en\/#\/schema\/logo\/image\/"},"sameAs":["https:\/\/www.facebook.com\/klasse.mappe"]}]}},"_links":{"self":[{"href":"http:\/\/klasse-mappe.de\/en\/wp-json\/wp\/v2\/pages\/202","targetHints":{"allow":["GET"]}}],"collection":[{"href":"http:\/\/klasse-mappe.de\/en\/wp-json\/wp\/v2\/pages"}],"about":[{"href":"http:\/\/klasse-mappe.de\/en\/wp-json\/wp\/v2\/types\/page"}],"author":[{"embeddable":true,"href":"http:\/\/klasse-mappe.de\/en\/wp-json\/wp\/v2\/users\/1"}],"replies":[{"embeddable":true,"href":"http:\/\/klasse-mappe.de\/en\/wp-json\/wp\/v2\/comments?post=202"}],"version-history":[{"count":2,"href":"http:\/\/klasse-mappe.de\/en\/wp-json\/wp\/v2\/pages\/202\/revisions"}],"predecessor-version":[{"id":428,"href":"http:\/\/klasse-mappe.de\/en\/wp-json\/wp\/v2\/pages\/202\/revisions\/428"}],"wp:attachment":[{"href":"http:\/\/klasse-mappe.de\/en\/wp-json\/wp\/v2\/media?parent=202"}],"curies":[{"name":"wp","href":"https:\/\/api.w.org\/{rel}","templated":true}]}}